{"id":288,"date":"2025-08-28T18:05:21","date_gmt":"2025-08-28T18:05:21","guid":{"rendered":"https:\/\/umrah.witty-fox.com\/?page_id=288"},"modified":"2025-11-17T18:55:59","modified_gmt":"2025-11-17T18:55:59","slug":"a-propos-de-nous","status":"publish","type":"page","link":"https:\/\/umrah.witty-fox.com\/en\/a-propos-de-nous\/","title":{"rendered":"About Us"},"content":{"rendered":"<div data-elementor-type=\"wp-page\" data-elementor-id=\"288\" class=\"elementor elementor-288\" data-elementor-post-type=\"page\">\n\t\t\t\t<div class=\"elementor-element elementor-element-d3fc6cc e-con-full e-flex e-con e-parent\" data-id=\"d3fc6cc\" data-element_type=\"container\" data-settings=\"{&quot;background_background&quot;:&quot;classic&quot;}\">\n\t\t<div class=\"elementor-element elementor-element-5038597 e-con-full e-flex e-con e-child\" data-id=\"5038597\" data-element_type=\"container\">\n\t\t\t\t<div class=\"elementor-element elementor-element-fec7b0c elementor-widget elementor-widget-heading\" data-id=\"fec7b0c\" data-element_type=\"widget\" data-widget_type=\"heading.default\">\n\t\t\t\t<div class=\"elementor-widget-container\">\n\t\t\t\t\t<h2 class=\"elementor-heading-title elementor-size-default\">Sankor\u00e9 Voyages<\/h2>\t\t\t\t<\/div>\n\t\t\t\t<\/div>\n\t\t\t\t<\/div>\n\t\t\t\t<\/div>\n\t\t<div class=\"elementor-element elementor-element-a25e87f e-flex e-con-boxed e-con e-parent\" data-id=\"a25e87f\" data-element_type=\"container\" data-settings=\"{&quot;background_background&quot;:&quot;classic&quot;}\">\n\t\t\t\t\t<div class=\"e-con-inner\">\n\t\t<div class=\"elementor-element elementor-element-f8c5fec e-con-full e-flex e-con e-child\" data-id=\"f8c5fec\" data-element_type=\"container\">\n\t\t\t\t<div class=\"elementor-element elementor-element-4480403 elementor-widget elementor-widget-image\" data-id=\"4480403\" data-element_type=\"widget\" data-widget_type=\"image.default\">\n\t\t\t\t<div class=\"elementor-widget-container\">\n\t\t\t\t\t\t\t\t\t\t\t\t\t\t\t<img fetchpriority=\"high\" decoding=\"async\" width=\"504\" height=\"509\" src=\"https:\/\/umrah.witty-fox.com\/wp-content\/uploads\/2025\/09\/pic1-e1758915084798.jpg\" class=\"attachment-large size-large wp-image-1236\" alt=\"\" srcset=\"https:\/\/umrah.witty-fox.com\/wp-content\/uploads\/2025\/09\/pic1-e1758915084798.jpg 504w, https:\/\/umrah.witty-fox.com\/wp-content\/uploads\/2025\/09\/pic1-e1758915084798-297x300.jpg 297w, https:\/\/umrah.witty-fox.com\/wp-content\/uploads\/2025\/09\/pic1-e1758915084798-150x150.jpg 150w, https:\/\/umrah.witty-fox.com\/wp-content\/uploads\/2025\/09\/pic1-e1758915084798-100x100.jpg 100w\" sizes=\"(max-width: 504px) 100vw, 504px\" \/>\t\t\t\t\t\t\t\t\t\t\t\t\t\t\t<\/div>\n\t\t\t\t<\/div>\n\t\t\t\t<\/div>\n\t\t<div class=\"elementor-element elementor-element-6ead8da e-con-full e-flex e-con e-child\" data-id=\"6ead8da\" data-element_type=\"container\">\n\t\t\t\t<div class=\"elementor-element elementor-element-a60df51 elementor-widget__width-initial elementor-widget elementor-widget-heading\" data-id=\"a60df51\" data-element_type=\"widget\" data-widget_type=\"heading.default\">\n\t\t\t\t<div class=\"elementor-widget-container\">\n\t\t\t\t\t<h3 class=\"elementor-heading-title elementor-size-default\">About Us<\/h3>\t\t\t\t<\/div>\n\t\t\t\t<\/div>\n\t\t\t\t<div class=\"elementor-element elementor-element-0ac0938 elementor-widget elementor-widget-heading\" data-id=\"0ac0938\" data-element_type=\"widget\" data-widget_type=\"heading.default\">\n\t\t\t\t<div class=\"elementor-widget-container\">\n\t\t\t\t\t<h2 class=\"elementor-heading-title elementor-size-default\">Sankor\u00e9 Voyages<\/h2>\t\t\t\t<\/div>\n\t\t\t\t<\/div>\n\t\t\t\t<div class=\"elementor-element elementor-element-9be8be6 elementor-widget elementor-widget-text-editor\" data-id=\"9be8be6\" data-element_type=\"widget\" data-widget_type=\"text-editor.default\">\n\t\t\t\t<div class=\"elementor-widget-container\">\n\t\t\t\t\t\t\t\t\t<p data-start=\"175\" data-end=\"229\">At the house of <strong>Sankor\u00e9 Voyages<\/strong>We believe that travel is much more than reaching a destination: it's about creating unforgettable memories. With many years of experience and a deep understanding of travelers' needs, we design tailor-made trips, seamlessly integrated into your itinerary. From personalized Hajj and Umrah packages to premium hotel and flight bookings, we offer reliable support, transparent pricing, and exceptional service for a safe, comfortable, and memorable journey.<\/p>\t\t\t\t\t\t\t\t<\/div>\n\t\t\t\t<\/div>\n\t\t\t\t<div class=\"elementor-element elementor-element-38a2e55 elementor-widget elementor-widget-heading\" data-id=\"38a2e55\" data-element_type=\"widget\" data-widget_type=\"heading.default\">\n\t\t\t\t<div class=\"elementor-widget-container\">\n\t\t\t\t\t<h2 class=\"elementor-heading-title elementor-size-default\">Our mission<\/h2>\t\t\t\t<\/div>\n\t\t\t\t<\/div>\n\t\t\t\t<div class=\"elementor-element elementor-element-3de5bd3 elementor-widget elementor-widget-text-editor\" data-id=\"3de5bd3\" data-element_type=\"widget\" data-widget_type=\"text-editor.default\">\n\t\t\t\t<div class=\"elementor-widget-container\">\n\t\t\t\t\t\t\t\t\t<p>To ensure every trip is simple and memorable, we combine personalized service with expert planning. We guarantee every traveler reliable experiences and unforgettable moments.<\/p>\t\t\t\t\t\t\t\t<\/div>\n\t\t\t\t<\/div>\n\t\t\t\t<\/div>\n\t\t\t\t\t<\/div>\n\t\t\t\t<\/div>\n\t\t\t\t<\/div>","protected":false},"excerpt":{"rendered":"<p>Sankor\u00e9 Voyages \u00c0 propos de nous Sankor\u00e9 Voyages Chez Sankor\u00e9 Voyages, nous pensons que voyager, c&rsquo;est bien plus qu&rsquo;atteindre une destination\u00a0: c&rsquo;est se cr\u00e9er des souvenirs inoubliables. Forts de nombreuses ann\u00e9es d&rsquo;exp\u00e9rience et d&rsquo;une connaissance approfondie des besoins des voyageurs, nous concevons des voyages sur mesure, sans le moindre accroc. Des forfaits Hajj et Omra [&hellip;]<\/p>","protected":false},"author":1,"featured_media":0,"parent":0,"menu_order":0,"comment_status":"closed","ping_status":"closed","template":"elementor_header_footer","meta":{"_acf_changed":false,"footnotes":""},"class_list":["post-288","page","type-page","status-publish","hentry"],"acf":[],"_links":{"self":[{"href":"https:\/\/umrah.witty-fox.com\/en\/wp-json\/wp\/v2\/pages\/288","targetHints":{"allow":["GET"]}}],"collection":[{"href":"https:\/\/umrah.witty-fox.com\/en\/wp-json\/wp\/v2\/pages"}],"about":[{"href":"https:\/\/umrah.witty-fox.com\/en\/wp-json\/wp\/v2\/types\/page"}],"author":[{"embeddable":true,"href":"https:\/\/umrah.witty-fox.com\/en\/wp-json\/wp\/v2\/users\/1"}],"replies":[{"embeddable":true,"href":"https:\/\/umrah.witty-fox.com\/en\/wp-json\/wp\/v2\/comments?post=288"}],"version-history":[{"count":74,"href":"https:\/\/umrah.witty-fox.com\/en\/wp-json\/wp\/v2\/pages\/288\/revisions"}],"predecessor-version":[{"id":1625,"href":"https:\/\/umrah.witty-fox.com\/en\/wp-json\/wp\/v2\/pages\/288\/revisions\/1625"}],"wp:attachment":[{"href":"https:\/\/umrah.witty-fox.com\/en\/wp-json\/wp\/v2\/media?parent=288"}],"curies":[{"name":"wp","href":"https:\/\/api.w.org\/{rel}","templated":true}]}}